{"id":23,"date":"2021-05-13T09:51:22","date_gmt":"2021-05-13T09:51:22","guid":{"rendered":"https:\/\/bottanika.qodeinteractive.com\/?page_id=23"},"modified":"2024-10-04T15:07:21","modified_gmt":"2024-10-04T20:07:21","slug":"inicio","status":"publish","type":"page","link":"https:\/\/madreselva.pe\/","title":{"rendered":"Inicio"},"content":{"rendered":"\t\t<div data-elementor-type=\"wp-page\" data-elementor-id=\"23\" class=\"elementor elementor-23\" data-elementor-post-type=\"page\">\n\t\t\t\t\t\t<section class=\"elementor-section elementor-top-section elementor-element elementor-element-4e44b5b elementor-section-full_width elementor-section-stretched elementor-section-height-min-height elementor-section-height-default elementor-section-items-middle qodef-elementor-content-no\" data-id=\"4e44b5b\" data-element_type=\"section\" data-e-type=\"section\" data-settings=\"{&quot;stretch_section&quot;:&quot;section-stretched&quot;,&quot;background_background&quot;:&quot;classic&quot;}\">\n\t\t\t\t\t\t<div class=\"elementor-container elementor-column-gap-no\">\n\t\t\t\t\t<div class=\"elementor-column elementor-col-100 elementor-top-column elementor-element elementor-element-2867469\" data-id=\"2867469\" data-element_type=\"column\" data-e-type=\"column\">\n\t\t\t<div class=\"elementor-widget-wrap elementor-element-populated\">\n\t\t\t\t\t\t<div class=\"elementor-element elementor-element-74b438a elementor-widget__width-initial elementor-widget elementor-widget-heading\" data-id=\"74b438a\" data-element_type=\"widget\" data-e-type=\"widget\" data-widget_type=\"heading.default\">\n\t\t\t\t<div class=\"elementor-widget-container\">\n\t\t\t\t\t<h2 class=\"elementor-heading-title elementor-size-default\">madre selva<\/h2>\t\t\t\t<\/div>\n\t\t\t\t<\/div>\n\t\t\t\t<div class=\"elementor-element elementor-element-1796def elementor-widget elementor-widget-heading\" data-id=\"1796def\" data-element_type=\"widget\" data-e-type=\"widget\" data-widget_type=\"heading.default\">\n\t\t\t\t<div class=\"elementor-widget-container\">\n\t\t\t\t\t<p class=\"elementor-heading-title elementor-size-default\">Felicidad en tu vida<\/p>\t\t\t\t<\/div>\n\t\t\t\t<\/div>\n\t\t\t\t\t<\/div>\n\t\t<\/div>\n\t\t\t\t\t<\/div>\n\t\t<\/section>\n\t\t\t\t<section class=\"elementor-section elementor-top-section elementor-element elementor-element-72c6aa6 elementor-section-full_width elementor-section-stretched elementor-section-height-default elementor-section-height-default qodef-elementor-content-no\" data-id=\"72c6aa6\" data-element_type=\"section\" data-e-type=\"section\" data-settings=\"{&quot;stretch_section&quot;:&quot;section-stretched&quot;}\">\n\t\t\t\t\t\t<div class=\"elementor-container elementor-column-gap-no\">\n\t\t\t\t\t<div class=\"elementor-column elementor-col-50 elementor-top-column elementor-element elementor-element-f75dbbc\" data-id=\"f75dbbc\" data-element_type=\"column\" data-e-type=\"column\">\n\t\t\t<div class=\"elementor-widget-wrap elementor-element-populated\">\n\t\t\t\t\t\t<div class=\"elementor-element elementor-element-8c7fd6c elementor-hidden-mobile elementor-widget elementor-widget-image\" data-id=\"8c7fd6c\" data-element_type=\"widget\" data-e-type=\"widget\" data-widget_type=\"image.default\">\n\t\t\t\t<div class=\"elementor-widget-container\">\n\t\t\t\t\t\t\t\t\t\t\t\t\t\t\t<img fetchpriority=\"high\" decoding=\"async\" width=\"950\" height=\"945\" src=\"https:\/\/madreselva.pe\/wp-content\/uploads\/2024\/02\/Aji.png\" class=\"attachment-full size-full wp-image-5863\" alt=\"\" srcset=\"https:\/\/madreselva.pe\/wp-content\/uploads\/2024\/02\/Aji.png 950w, https:\/\/madreselva.pe\/wp-content\/uploads\/2024\/02\/Aji-100x100.png 100w, https:\/\/madreselva.pe\/wp-content\/uploads\/2024\/02\/Aji-600x597.png 600w, https:\/\/madreselva.pe\/wp-content\/uploads\/2024\/02\/Aji-300x298.png 300w, https:\/\/madreselva.pe\/wp-content\/uploads\/2024\/02\/Aji-150x150.png 150w, https:\/\/madreselva.pe\/wp-content\/uploads\/2024\/02\/Aji-768x764.png 768w\" sizes=\"(max-width: 950px) 100vw, 950px\" \/>\t\t\t\t\t\t\t\t\t\t\t\t\t\t\t<\/div>\n\t\t\t\t<\/div>\n\t\t\t\t\t<\/div>\n\t\t<\/div>\n\t\t\t\t<div class=\"elementor-column elementor-col-50 elementor-top-column elementor-element elementor-element-bbd33fb\" data-id=\"bbd33fb\" data-element_type=\"column\" data-e-type=\"column\">\n\t\t\t<div class=\"elementor-widget-wrap elementor-element-populated\">\n\t\t\t\t\t\t<div class=\"elementor-element elementor-element-3eea2d9 elementor-widget__width-initial elementor-widget elementor-widget-image\" data-id=\"3eea2d9\" data-element_type=\"widget\" data-e-type=\"widget\" data-widget_type=\"image.default\">\n\t\t\t\t<div class=\"elementor-widget-container\">\n\t\t\t\t\t\t\t\t\t\t\t\t\t\t\t<img decoding=\"async\" width=\"60\" height=\"60\" src=\"https:\/\/madreselva.pe\/wp-content\/uploads\/2024\/02\/Hoja.png\" class=\"attachment-full size-full wp-image-5864\" alt=\"\" \/>\t\t\t\t\t\t\t\t\t\t\t\t\t\t\t<\/div>\n\t\t\t\t<\/div>\n\t\t\t\t<div class=\"elementor-element elementor-element-1feabd7 elementor-widget__width-initial elementor-widget elementor-widget-heading\" data-id=\"1feabd7\" data-element_type=\"widget\" data-e-type=\"widget\" data-widget_type=\"heading.default\">\n\t\t\t\t<div class=\"elementor-widget-container\">\n\t\t\t\t\t<p class=\"elementor-heading-title elementor-size-default\">Con\u00f3cenos<\/p>\t\t\t\t<\/div>\n\t\t\t\t<\/div>\n\t\t\t\t<div class=\"elementor-element elementor-element-e4966a8 elementor-widget__width-initial elementor-widget elementor-widget-heading\" data-id=\"e4966a8\" data-element_type=\"widget\" data-e-type=\"widget\" data-widget_type=\"heading.default\">\n\t\t\t\t<div class=\"elementor-widget-container\">\n\t\t\t\t\t<h3 class=\"elementor-heading-title elementor-size-default\">MADRE SELVA<\/h3>\t\t\t\t<\/div>\n\t\t\t\t<\/div>\n\t\t\t\t<div class=\"elementor-element elementor-element-96cb8e3 elementor-widget__width-initial elementor-widget elementor-widget-text-editor\" data-id=\"96cb8e3\" data-element_type=\"widget\" data-e-type=\"widget\" data-widget_type=\"text-editor.default\">\n\t\t\t\t<div class=\"elementor-widget-container\">\n\t\t\t\t\t\t\t\t\t<p>Nuestra marca rinde homenaje a la Amazon\u00eda como fuente de vida y maestra, pues desarroll\u00f3 en nosotros habilidades que no ten\u00edamos.\u00a0\u00a0<\/p>\t\t\t\t\t\t\t\t<\/div>\n\t\t\t\t<\/div>\n\t\t\t\t<div class=\"elementor-element elementor-element-d539c7f elementor-widget__width-initial elementor-widget elementor-widget-heading\" data-id=\"d539c7f\" data-element_type=\"widget\" data-e-type=\"widget\" data-widget_type=\"heading.default\">\n\t\t\t\t<div class=\"elementor-widget-container\">\n\t\t\t\t\t<p class=\"elementor-heading-title elementor-size-default\">MISI\u00d3N<\/p>\t\t\t\t<\/div>\n\t\t\t\t<\/div>\n\t\t\t\t<div class=\"elementor-element elementor-element-c084598 elementor-widget__width-initial elementor-widget elementor-widget-text-editor\" data-id=\"c084598\" data-element_type=\"widget\" data-e-type=\"widget\" data-widget_type=\"text-editor.default\">\n\t\t\t\t<div class=\"elementor-widget-container\">\n\t\t\t\t\t\t\t\t\t<p>Desde 2008 en Madre de Dios, buscamos ofrecer felicidad mediante productos que valoran la biodiversidad amaz\u00f3nica. Tu compra integra el campo y la ciudad, mejora la calidad de vida de los agricultores y busca proteger el bosque frente a la miner\u00eda ilegal.<\/p>\t\t\t\t\t\t\t\t<\/div>\n\t\t\t\t<\/div>\n\t\t\t\t<div class=\"elementor-element elementor-element-c25f9b2 elementor-widget__width-initial elementor-widget elementor-widget-button\" data-id=\"c25f9b2\" data-element_type=\"widget\" data-e-type=\"widget\" data-widget_type=\"button.default\">\n\t\t\t\t<div class=\"elementor-widget-container\">\n\t\t\t\t\t\t\t\t\t<div class=\"elementor-button-wrapper\">\n\t\t\t\t\t<a class=\"elementor-button elementor-button-link elementor-size-sm\" href=\"https:\/\/madreselva.pe\/index.php\/nosotros\/\">\n\t\t\t\t\t\t<span class=\"elementor-button-content-wrapper\">\n\t\t\t\t\t\t\t\t\t<span class=\"elementor-button-text\">SIGUE LEYENDO<\/span>\n\t\t\t\t\t<\/span>\n\t\t\t\t\t<\/a>\n\t\t\t\t<\/div>\n\t\t\t\t\t\t\t\t<\/div>\n\t\t\t\t<\/div>\n\t\t\t\t<div class=\"elementor-element elementor-element-eb3e19f elementor-absolute elementor-widget-mobile__width-initial elementor-widget elementor-widget-image\" data-id=\"eb3e19f\" data-element_type=\"widget\" data-e-type=\"widget\" data-settings=\"{&quot;_position&quot;:&quot;absolute&quot;}\" data-widget_type=\"image.default\">\n\t\t\t\t<div class=\"elementor-widget-container\">\n\t\t\t\t\t\t\t\t\t\t\t\t\t\t\t<img decoding=\"async\" width=\"260\" height=\"350\" src=\"https:\/\/madreselva.pe\/wp-content\/uploads\/2024\/02\/1-aji.png\" class=\"attachment-full size-full wp-image-5862\" alt=\"\" srcset=\"https:\/\/madreselva.pe\/wp-content\/uploads\/2024\/02\/1-aji.png 260w, https:\/\/madreselva.pe\/wp-content\/uploads\/2024\/02\/1-aji-223x300.png 223w\" sizes=\"(max-width: 260px) 100vw, 260px\" \/>\t\t\t\t\t\t\t\t\t\t\t\t\t\t\t<\/div>\n\t\t\t\t<\/div>\n\t\t\t\t\t<\/div>\n\t\t<\/div>\n\t\t\t\t\t<\/div>\n\t\t<\/section>\n\t\t\t\t<section class=\"elementor-section elementor-top-section elementor-element elementor-element-9c98bee elementor-section-full_width elementor-section-content-middle elementor-section-stretched elementor-section-height-default elementor-section-height-default qodef-elementor-content-no\" data-id=\"9c98bee\" data-element_type=\"section\" data-e-type=\"section\" data-settings=\"{&quot;stretch_section&quot;:&quot;section-stretched&quot;,&quot;background_background&quot;:&quot;classic&quot;}\">\n\t\t\t\t\t\t<div class=\"elementor-container elementor-column-gap-no\">\n\t\t\t\t\t<div class=\"elementor-column elementor-col-100 elementor-top-column elementor-element elementor-element-59b3c72\" data-id=\"59b3c72\" data-element_type=\"column\" data-e-type=\"column\">\n\t\t\t<div class=\"elementor-widget-wrap elementor-element-populated\">\n\t\t\t\t\t\t<div class=\"elementor-element elementor-element-58e7d4b elementor-widget elementor-widget-image\" data-id=\"58e7d4b\" data-element_type=\"widget\" data-e-type=\"widget\" data-widget_type=\"image.default\">\n\t\t\t\t<div class=\"elementor-widget-container\">\n\t\t\t\t\t\t\t\t\t\t\t\t\t\t\t<img loading=\"lazy\" decoding=\"async\" width=\"60\" height=\"60\" src=\"https:\/\/madreselva.pe\/wp-content\/uploads\/2024\/02\/Orgullo-Madrediosense.png\" class=\"attachment-large size-large wp-image-5911\" alt=\"\" \/>\t\t\t\t\t\t\t\t\t\t\t\t\t\t\t<\/div>\n\t\t\t\t<\/div>\n\t\t\t\t<div class=\"elementor-element elementor-element-24f1f57 elementor-widget elementor-widget-heading\" data-id=\"24f1f57\" data-element_type=\"widget\" data-e-type=\"widget\" data-widget_type=\"heading.default\">\n\t\t\t\t<div class=\"elementor-widget-container\">\n\t\t\t\t\t<h3 class=\"elementor-heading-title elementor-size-default\">CONOCE NUESTROS PRODUCTOS<\/h3>\t\t\t\t<\/div>\n\t\t\t\t<\/div>\n\t\t\t\t\t<\/div>\n\t\t<\/div>\n\t\t\t\t\t<\/div>\n\t\t<\/section>\n\t\t\t\t<section class=\"elementor-section elementor-top-section elementor-element elementor-element-d205dd4 elementor-section-boxed elementor-section-height-default elementor-section-height-default qodef-elementor-content-no\" data-id=\"d205dd4\" data-element_type=\"section\" data-e-type=\"section\" data-settings=\"{&quot;background_background&quot;:&quot;classic&quot;}\">\n\t\t\t\t\t\t<div class=\"elementor-container elementor-column-gap-default\">\n\t\t\t\t\t<div class=\"elementor-column elementor-col-100 elementor-top-column elementor-element elementor-element-9296128\" data-id=\"9296128\" data-element_type=\"column\" data-e-type=\"column\">\n\t\t\t<div class=\"elementor-widget-wrap elementor-element-populated\">\n\t\t\t\t\t\t<div class=\"elementor-element elementor-element-8f2de49 elementor-widget elementor-widget-qi_addons_for_elementor_product_list\" data-id=\"8f2de49\" data-element_type=\"widget\" data-e-type=\"widget\" data-widget_type=\"qi_addons_for_elementor_product_list.default\">\n\t\t\t\t<div class=\"elementor-widget-container\">\n\t\t\t\t\t<div class=\"qodef-shortcode qodef-m qodef-addons-woo-shortcode qodef-qi-woo-shortcode-product-list qodef-item-layout--info-below qodef-image--hover-zoom qodef-qi-grid qodef-layout--qi-columns qodef-col-num--3 qodef-item-layout--info-below qodef-responsive--predefined\" >\n\t<div class=\"qodef-grid-inner\">\n\t\t<div class=\"qodef-e qodef-grid-item product type-product post-6065 status-publish first outofstock product_cat-salsas has-post-thumbnail shipping-taxable purchasable product-type-simple\">\n\t<div class=\"qodef-e-product-inner\">\n\t\t\t\t\t<div class=\"qodef-e-product-image\">\n\t\t\t\t\t\t\t\t<div class=\"qodef-e-product-image-holder\">\n\t\t\t\t\t<img loading=\"lazy\" decoding=\"async\" width=\"600\" height=\"600\" src=\"https:\/\/madreselva.pe\/wp-content\/uploads\/2024\/02\/botellas_aji-amazonico1_botellanueva.png\" class=\"attachment-full size-full\" alt=\"\" srcset=\"https:\/\/madreselva.pe\/wp-content\/uploads\/2024\/02\/botellas_aji-amazonico1_botellanueva.png 600w, https:\/\/madreselva.pe\/wp-content\/uploads\/2024\/02\/botellas_aji-amazonico1_botellanueva-300x300.png 300w, https:\/\/madreselva.pe\/wp-content\/uploads\/2024\/02\/botellas_aji-amazonico1_botellanueva-150x150.png 150w, https:\/\/madreselva.pe\/wp-content\/uploads\/2024\/02\/botellas_aji-amazonico1_botellanueva-12x12.png 12w, https:\/\/madreselva.pe\/wp-content\/uploads\/2024\/02\/botellas_aji-amazonico1_botellanueva-100x100.png 100w\" sizes=\"(max-width: 600px) 100vw, 600px\" \/>\t\t\t\t<\/div>\n\t\t\t<\/div>\n\t\t\t\t<div class=\"qodef-e-product-content\">\n\t\t\t\t<div class=\"qodef-e-product-categories\"><a href=\"https:\/\/madreselva.pe\/index.php\/categoria-producto\/salsas\/\" rel=\"tag\">Salsas<\/a><\/div>\n\t\t\t<h5 itemprop=\"name\" class=\"qodef-e-product-title qodef-e-title entry-title\">\n\t<a itemprop=\"url\" class=\"qodef-e-product-title-link\" href=\"https:\/\/madreselva.pe\/index.php\/producto\/aji-amazonico\/\">\n\t\tAj\u00ed Amaz\u00f3nico\t<\/a>\n<\/h5>\n\t\t\t\t\t<div class=\"qodef-woo-product-price price\"><span class=\"woocommerce-Price-amount amount\"><span class=\"woocommerce-Price-currencySymbol\">S\/<\/span>&nbsp;15.00<\/span><\/div>\n\t\t\t\t\t\t\t\t<a class=\"qodef-shortcode qodef-m button product_type_simple qodef-qi-button qodef-html--link qodef-layout--filled qodef-type--standard qodef-icon--right qodef-hover--icon-move-horizontal-short\" href=\"https:\/\/madreselva.pe\/index.php\/producto\/aji-amazonico\/\" target=\"_self\" data-product_id=\"6065\"  aria-label=\"Lee m\u00e1s sobre \u201cAj\u00ed Amaz\u00f3nico\u201d\" rel=\"nofollow\" data-quantity=\"1\">\t<span class=\"qodef-m-text\">Leer m\u00e1s<\/span>\t<\/a>\t\t\t\t\t<\/div>\n\t\t<a href=\"https:\/\/madreselva.pe\/index.php\/producto\/aji-amazonico\/\" class=\"woocommerce-LoopProduct-link woocommerce-loop-product__link\"><\/a>\t<\/div>\n<\/div>\n<div class=\"qodef-e qodef-grid-item product type-product post-6063 status-publish outofstock product_cat-salsas has-post-thumbnail shipping-taxable purchasable product-type-simple\">\n\t<div class=\"qodef-e-product-inner\">\n\t\t\t\t\t<div class=\"qodef-e-product-image\">\n\t\t\t\t\t\t\t\t<div class=\"qodef-e-product-image-holder\">\n\t\t\t\t\t<img loading=\"lazy\" decoding=\"async\" width=\"600\" height=\"600\" src=\"https:\/\/madreselva.pe\/wp-content\/uploads\/2024\/02\/botellas_rocoto_botellanueva.png\" class=\"attachment-full size-full\" alt=\"\" srcset=\"https:\/\/madreselva.pe\/wp-content\/uploads\/2024\/02\/botellas_rocoto_botellanueva.png 600w, https:\/\/madreselva.pe\/wp-content\/uploads\/2024\/02\/botellas_rocoto_botellanueva-300x300.png 300w, https:\/\/madreselva.pe\/wp-content\/uploads\/2024\/02\/botellas_rocoto_botellanueva-150x150.png 150w, https:\/\/madreselva.pe\/wp-content\/uploads\/2024\/02\/botellas_rocoto_botellanueva-12x12.png 12w, https:\/\/madreselva.pe\/wp-content\/uploads\/2024\/02\/botellas_rocoto_botellanueva-100x100.png 100w\" sizes=\"(max-width: 600px) 100vw, 600px\" \/>\t\t\t\t<\/div>\n\t\t\t<\/div>\n\t\t\t\t<div class=\"qodef-e-product-content\">\n\t\t\t\t<div class=\"qodef-e-product-categories\"><a href=\"https:\/\/madreselva.pe\/index.php\/categoria-producto\/salsas\/\" rel=\"tag\">Salsas<\/a><\/div>\n\t\t\t<h5 itemprop=\"name\" class=\"qodef-e-product-title qodef-e-title entry-title\">\n\t<a itemprop=\"url\" class=\"qodef-e-product-title-link\" href=\"https:\/\/madreselva.pe\/index.php\/producto\/aji-limo-y-rocoto\/\">\n\t\tAj\u00ed Limo y Rocoto\t<\/a>\n<\/h5>\n\t\t\t\t\t<div class=\"qodef-woo-product-price price\"><span class=\"woocommerce-Price-amount amount\"><span class=\"woocommerce-Price-currencySymbol\">S\/<\/span>&nbsp;13.00<\/span><\/div>\n\t\t\t\t\t\t\t\t<a class=\"qodef-shortcode qodef-m button product_type_simple qodef-qi-button qodef-html--link qodef-layout--filled qodef-type--standard qodef-icon--right qodef-hover--icon-move-horizontal-short\" href=\"https:\/\/madreselva.pe\/index.php\/producto\/aji-limo-y-rocoto\/\" target=\"_self\" data-product_id=\"6063\"  aria-label=\"Lee m\u00e1s sobre \u201cAj\u00ed Limo y Rocoto\u201d\" rel=\"nofollow\" data-quantity=\"1\">\t<span class=\"qodef-m-text\">Leer m\u00e1s<\/span>\t<\/a>\t\t\t\t\t<\/div>\n\t\t<a href=\"https:\/\/madreselva.pe\/index.php\/producto\/aji-limo-y-rocoto\/\" class=\"woocommerce-LoopProduct-link woocommerce-loop-product__link\"><\/a>\t<\/div>\n<\/div>\n<div class=\"qodef-e qodef-grid-item product type-product post-6059 status-publish last outofstock product_cat-salsas has-post-thumbnail shipping-taxable purchasable product-type-simple\">\n\t<div class=\"qodef-e-product-inner\">\n\t\t\t\t\t<div class=\"qodef-e-product-image\">\n\t\t\t\t\t\t\t\t<div class=\"qodef-e-product-image-holder\">\n\t\t\t\t\t<img loading=\"lazy\" decoding=\"async\" width=\"600\" height=\"600\" src=\"https:\/\/madreselva.pe\/wp-content\/uploads\/2024\/02\/botellas_ajiamafrillo_botella-nueva.png\" class=\"attachment-full size-full\" alt=\"\" srcset=\"https:\/\/madreselva.pe\/wp-content\/uploads\/2024\/02\/botellas_ajiamafrillo_botella-nueva.png 600w, https:\/\/madreselva.pe\/wp-content\/uploads\/2024\/02\/botellas_ajiamafrillo_botella-nueva-300x300.png 300w, https:\/\/madreselva.pe\/wp-content\/uploads\/2024\/02\/botellas_ajiamafrillo_botella-nueva-150x150.png 150w, https:\/\/madreselva.pe\/wp-content\/uploads\/2024\/02\/botellas_ajiamafrillo_botella-nueva-12x12.png 12w, https:\/\/madreselva.pe\/wp-content\/uploads\/2024\/02\/botellas_ajiamafrillo_botella-nueva-100x100.png 100w\" sizes=\"(max-width: 600px) 100vw, 600px\" \/>\t\t\t\t<\/div>\n\t\t\t<\/div>\n\t\t\t\t<div class=\"qodef-e-product-content\">\n\t\t\t\t<div class=\"qodef-e-product-categories\"><a href=\"https:\/\/madreselva.pe\/index.php\/categoria-producto\/salsas\/\" rel=\"tag\">Salsas<\/a><\/div>\n\t\t\t<h5 itemprop=\"name\" class=\"qodef-e-product-title qodef-e-title entry-title\">\n\t<a itemprop=\"url\" class=\"qodef-e-product-title-link\" href=\"https:\/\/madreselva.pe\/index.php\/producto\/aji-amarillo\/\">\n\t\tAj\u00ed Amarillo\t<\/a>\n<\/h5>\n\t\t\t\t\t<div class=\"qodef-woo-product-price price\"><span class=\"woocommerce-Price-amount amount\"><span class=\"woocommerce-Price-currencySymbol\">S\/<\/span>&nbsp;14.00<\/span><\/div>\n\t\t\t\t\t\t\t\t<a class=\"qodef-shortcode qodef-m button product_type_simple qodef-qi-button qodef-html--link qodef-layout--filled qodef-type--standard qodef-icon--right qodef-hover--icon-move-horizontal-short\" href=\"https:\/\/madreselva.pe\/index.php\/producto\/aji-amarillo\/\" target=\"_self\" data-product_id=\"6059\"  aria-label=\"Lee m\u00e1s sobre \u201cAj\u00ed Amarillo\u201d\" rel=\"nofollow\" data-quantity=\"1\">\t<span class=\"qodef-m-text\">Leer m\u00e1s<\/span>\t<\/a>\t\t\t\t\t<\/div>\n\t\t<a href=\"https:\/\/madreselva.pe\/index.php\/producto\/aji-amarillo\/\" class=\"woocommerce-LoopProduct-link woocommerce-loop-product__link\"><\/a>\t<\/div>\n<\/div>\n\t<\/div>\n\t<\/div>\n\t\t\t\t<\/div>\n\t\t\t\t<\/div>\n\t\t\t\t\t<\/div>\n\t\t<\/div>\n\t\t\t\t\t<\/div>\n\t\t<\/section>\n\t\t\t\t<section class=\"elementor-section elementor-top-section elementor-element elementor-element-8f716a9 elementor-section-full_width elementor-section-stretched elementor-hidden-tablet elementor-hidden-mobile elementor-section-height-default elementor-section-height-default qodef-elementor-content-no\" data-id=\"8f716a9\" data-element_type=\"section\" data-e-type=\"section\" data-settings=\"{&quot;stretch_section&quot;:&quot;section-stretched&quot;}\">\n\t\t\t\t\t\t<div class=\"elementor-container elementor-column-gap-no\">\n\t\t\t\t\t<div class=\"elementor-column elementor-col-100 elementor-top-column elementor-element elementor-element-84cae1f\" data-id=\"84cae1f\" data-element_type=\"column\" data-e-type=\"column\">\n\t\t\t<div class=\"elementor-widget-wrap elementor-element-populated\">\n\t\t\t\t\t\t<div class=\"elementor-element elementor-element-6de77d2 elementor-absolute elementor-widget-mobile__width-initial elementor-hidden-tablet elementor-hidden-mobile elementor-widget elementor-widget-image\" data-id=\"6de77d2\" data-element_type=\"widget\" data-e-type=\"widget\" data-settings=\"{&quot;_position&quot;:&quot;absolute&quot;}\" data-widget_type=\"image.default\">\n\t\t\t\t<div class=\"elementor-widget-container\">\n\t\t\t\t\t\t\t\t\t\t\t\t\t\t\t<img loading=\"lazy\" decoding=\"async\" width=\"260\" height=\"350\" src=\"https:\/\/madreselva.pe\/wp-content\/uploads\/2024\/02\/Romero.png\" class=\"attachment-full size-full wp-image-5867\" alt=\"\" srcset=\"https:\/\/madreselva.pe\/wp-content\/uploads\/2024\/02\/Romero.png 260w, https:\/\/madreselva.pe\/wp-content\/uploads\/2024\/02\/Romero-223x300.png 223w\" sizes=\"(max-width: 260px) 100vw, 260px\" \/>\t\t\t\t\t\t\t\t\t\t\t\t\t\t\t<\/div>\n\t\t\t\t<\/div>\n\t\t\t\t<div class=\"elementor-element elementor-element-357e8b8 elementor-absolute elementor-widget-mobile__width-initial elementor-widget__width-auto elementor-hidden-tablet elementor-hidden-mobile elementor-widget elementor-widget-image\" data-id=\"357e8b8\" data-element_type=\"widget\" data-e-type=\"widget\" data-settings=\"{&quot;_position&quot;:&quot;absolute&quot;}\" data-widget_type=\"image.default\">\n\t\t\t\t<div class=\"elementor-widget-container\">\n\t\t\t\t\t\t\t\t\t\t\t\t\t\t\t<img loading=\"lazy\" decoding=\"async\" width=\"260\" height=\"350\" src=\"https:\/\/madreselva.pe\/wp-content\/uploads\/2024\/02\/Pimienta.png\" class=\"attachment-large size-large wp-image-5866\" alt=\"\" srcset=\"https:\/\/madreselva.pe\/wp-content\/uploads\/2024\/02\/Pimienta.png 260w, https:\/\/madreselva.pe\/wp-content\/uploads\/2024\/02\/Pimienta-223x300.png 223w\" sizes=\"(max-width: 260px) 100vw, 260px\" \/>\t\t\t\t\t\t\t\t\t\t\t\t\t\t\t<\/div>\n\t\t\t\t<\/div>\n\t\t\t\t\t<\/div>\n\t\t<\/div>\n\t\t\t\t\t<\/div>\n\t\t<\/section>\n\t\t\t\t<section class=\"elementor-section elementor-top-section elementor-element elementor-element-165168c elementor-section-full_width elementor-section-stretched elementor-section-height-default elementor-section-height-default qodef-elementor-content-no\" data-id=\"165168c\" data-element_type=\"section\" data-e-type=\"section\" data-settings=\"{&quot;stretch_section&quot;:&quot;section-stretched&quot;}\">\n\t\t\t\t\t\t<div class=\"elementor-container elementor-column-gap-no\">\n\t\t\t\t\t<div class=\"elementor-column elementor-col-100 elementor-top-column elementor-element elementor-element-2e86184\" data-id=\"2e86184\" data-element_type=\"column\" data-e-type=\"column\">\n\t\t\t<div class=\"elementor-widget-wrap elementor-element-populated\">\n\t\t\t\t\t\t<div class=\"elementor-element elementor-element-2fadfa7 elementor-widget elementor-widget-image\" data-id=\"2fadfa7\" data-element_type=\"widget\" data-e-type=\"widget\" data-widget_type=\"image.default\">\n\t\t\t\t<div class=\"elementor-widget-container\">\n\t\t\t\t\t\t\t\t\t\t\t\t\t\t\t<img loading=\"lazy\" decoding=\"async\" width=\"1900\" height=\"920\" src=\"https:\/\/madreselva.pe\/wp-content\/uploads\/2024\/02\/Banner-2.png\" class=\"attachment-full size-full wp-image-5878\" alt=\"\" srcset=\"https:\/\/madreselva.pe\/wp-content\/uploads\/2024\/02\/Banner-2.png 1900w, https:\/\/madreselva.pe\/wp-content\/uploads\/2024\/02\/Banner-2-600x291.png 600w, https:\/\/madreselva.pe\/wp-content\/uploads\/2024\/02\/Banner-2-300x145.png 300w, https:\/\/madreselva.pe\/wp-content\/uploads\/2024\/02\/Banner-2-1024x496.png 1024w, https:\/\/madreselva.pe\/wp-content\/uploads\/2024\/02\/Banner-2-768x372.png 768w, https:\/\/madreselva.pe\/wp-content\/uploads\/2024\/02\/Banner-2-1536x744.png 1536w\" sizes=\"(max-width: 1900px) 100vw, 1900px\" \/>\t\t\t\t\t\t\t\t\t\t\t\t\t\t\t<\/div>\n\t\t\t\t<\/div>\n\t\t\t\t\t<\/div>\n\t\t<\/div>\n\t\t\t\t\t<\/div>\n\t\t<\/section>\n\t\t\t\t<\/div>\n\t\t","protected":false},"excerpt":{"rendered":"<p>madre selva Felicidad en tu vida Con\u00f3cenos MADRE SELVA Nuestra marca rinde homenaje a la Amazon\u00eda como fuente de vida y maestra, pues desarroll\u00f3 en nosotros habilidades que no ten\u00edamos.\u00a0\u00a0 MISI\u00d3N Desde 2008 en Madre de Dios, buscamos ofrecer felicidad mediante productos que valoran la biodiversidad amaz\u00f3nica. Tu compra integra el campo y la ciudad, [&hellip;]<\/p>\n","protected":false},"author":1,"featured_media":0,"parent":0,"menu_order":0,"comment_status":"closed","ping_status":"closed","template":"page-full-width.php","meta":{"footnotes":""},"class_list":["post-23","page","type-page","status-publish","hentry"],"_links":{"self":[{"href":"https:\/\/madreselva.pe\/index.php\/wp-json\/wp\/v2\/pages\/23","targetHints":{"allow":["GET"]}}],"collection":[{"href":"https:\/\/madreselva.pe\/index.php\/wp-json\/wp\/v2\/pages"}],"about":[{"href":"https:\/\/madreselva.pe\/index.php\/wp-json\/wp\/v2\/types\/page"}],"author":[{"embeddable":true,"href":"https:\/\/madreselva.pe\/index.php\/wp-json\/wp\/v2\/users\/1"}],"replies":[{"embeddable":true,"href":"https:\/\/madreselva.pe\/index.php\/wp-json\/wp\/v2\/comments?post=23"}],"version-history":[{"count":196,"href":"https:\/\/madreselva.pe\/index.php\/wp-json\/wp\/v2\/pages\/23\/revisions"}],"predecessor-version":[{"id":6879,"href":"https:\/\/madreselva.pe\/index.php\/wp-json\/wp\/v2\/pages\/23\/revisions\/6879"}],"wp:attachment":[{"href":"https:\/\/madreselva.pe\/index.php\/wp-json\/wp\/v2\/media?parent=23"}],"curies":[{"name":"wp","href":"https:\/\/api.w.org\/{rel}","templated":true}]}}