{"id":6547,"date":"2024-06-14T21:09:47","date_gmt":"2024-06-15T02:09:47","guid":{"rendered":"https:\/\/madreselva.pe\/?page_id=6547"},"modified":"2024-09-27T14:13:38","modified_gmt":"2024-09-27T19:13:38","slug":"encuentranos","status":"publish","type":"page","link":"https:\/\/madreselva.pe\/index.php\/encuentranos\/","title":{"rendered":"Encu\u00e9ntranos en:"},"content":{"rendered":"\t\t<div data-elementor-type=\"wp-page\" data-elementor-id=\"6547\" class=\"elementor elementor-6547\" data-elementor-post-type=\"page\">\n\t\t\t\t\t\t<section class=\"elementor-section elementor-top-section elementor-element elementor-element-4d89f47 elementor-section-boxed elementor-section-height-default elementor-section-height-default qodef-elementor-content-no\" data-id=\"4d89f47\" data-element_type=\"section\" data-e-type=\"section\">\n\t\t\t\t\t\t<div class=\"elementor-container elementor-column-gap-no\">\n\t\t\t\t\t<div class=\"elementor-column elementor-col-100 elementor-top-column elementor-element elementor-element-535e1b1\" data-id=\"535e1b1\" data-element_type=\"column\" data-e-type=\"column\">\n\t\t\t<div class=\"elementor-widget-wrap elementor-element-populated\">\n\t\t\t\t\t\t<div class=\"elementor-element elementor-element-4004868 elementor-widget elementor-widget-image\" data-id=\"4004868\" data-element_type=\"widget\" data-e-type=\"widget\" data-widget_type=\"image.default\">\n\t\t\t\t<div class=\"elementor-widget-container\">\n\t\t\t\t\t\t\t\t\t\t\t\t\t\t\t<img decoding=\"async\" width=\"60\" height=\"60\" src=\"https:\/\/madreselva.pe\/wp-content\/uploads\/2024\/02\/Hoja.png\" class=\"attachment-large size-large wp-image-5864\" alt=\"\" \/>\t\t\t\t\t\t\t\t\t\t\t\t\t\t\t<\/div>\n\t\t\t\t<\/div>\n\t\t\t\t<div class=\"elementor-element elementor-element-56f2390 elementor-widget elementor-widget-qi_addons_for_elementor_accordion\" data-id=\"56f2390\" data-element_type=\"widget\" data-e-type=\"widget\" data-widget_type=\"qi_addons_for_elementor_accordion.default\">\n\t\t\t\t<div class=\"elementor-widget-container\">\n\t\t\t\t\t<div class=\"qodef-shortcode qodef-m qodef-qi-accordion qodef-qi-clear qodef-behavior--toggle qodef-layout--simple qodef-style--border-between\">\n\t<h3 class=\"qodef-e-title-holder\">\n\t<span class=\"qodef-e-title\">Lima<\/span>\n\t<span class=\"qodef-e-mark\">\n\t\t<span class=\"qodef-icon--plus\">\n\t\t\t\t<span class=\"qodef-e-icon\">\n\t\t<i aria-hidden=\"true\" class=\"fas fa-plus\"><\/i>\t<\/span>\n\t\t\t<\/span>\n\t\t<span class=\"qodef-icon--minus\">\n\t\t\t\t<span class=\"qodef-e-icon\">\n\t\t<i aria-hidden=\"true\" class=\"fas fa-minus\"><\/i>\t<\/span>\n\t\t\t<\/span>\n\t<\/span>\n<\/h3>\n<div class=\"qodef-e-content\">\n\t<div class=\"qodef-e-content-inner\">\n\t\t<h6><span style=\"color: #2f6333\"><strong>Barranco<\/strong><\/span><\/h6><p><span style=\"color: #333333\">Flora y Fauna<\/span><br \/><span style=\"color: #333333;font-size: 13px\"><em>Av. Grau 560 (frente a Metro)<\/em><\/span><\/p><p>\u00a0<\/p><p><span style=\"color: #333333\">La Panetteria<\/span><br \/><span style=\"color: #333333;font-size: 13px\"><em>Av. Grau 369 y 360<\/em><\/span><\/p><p>\u00a0<\/p><p><span style=\"color: #333333\">La Bodega Verde<\/span><br \/><span style=\"color: #333333;font-size: 13px\"><em> Jr. Sucre 335 A y Av. San Martin, esquina con Av. El Sol<\/em><\/span><\/p><p>\u00a0<\/p><p><span style=\"color: #333333\">Delifrance<\/span><br \/><span style=\"color: #333333;font-size: 13px\"><em> Av. Grau 693<\/em><\/span><\/p><p>\u00a0<\/p><p><span style=\"color: #333333\">Casa Lola<\/span><br \/><span style=\"color: #333333;font-size: 13px\"><em> Jr. Domeyer 219<\/em><\/span><\/p><p>\u00a0<\/p><p><span style=\"color: #333333\">D\u00e9dalo<\/span><br \/><span style=\"color: #333333;font-size: 13px\"><em> Av. S\u00e1enz Pe\u00f1a 295<\/em><\/span><\/p><p>\u00a0<\/p><p><span style=\"color: #333333\">Exquisito Per\u00fa<\/span><br \/><span style=\"color: #333333;font-size: 13px\"><em> Jr. Colina 128<\/em><\/span><\/p><p>\u00a0<\/p><p><span style=\"color: #333333\">Canta Rana<\/span><br \/><span style=\"color: #333333;font-size: 13px\"><em> Jr. G\u00e9nova 101 (espalda de Metro)<\/em><\/span><\/p><p>\u00a0<\/p><p><span style=\"color: #333333\">Grazie<\/span><br \/><span style=\"color: #333333;font-size: 13px\"><em> Av. Grau 631<\/em><\/span><\/p><h6><span style=\"color: #2f6333\"><strong>Miraflores<\/strong><\/span><\/h6><p><span style=\"color: #333333\">Flora y Fauna<\/span><\/p><p><span style=\"color: #333333;font-size: 13px\"><em>Av. Benavides 2150, Av. Vasco N\u00fa\u00f1ez de Balboa 771, Av. La Mar 1110<\/em><\/span><\/p><p>\u00a0<\/p><p><span style=\"color: #333333\">Delifrance<\/span><\/p><p><span style=\"color: #333333;font-size: 13px\"><em>Av. Santa Cruz 982<\/em><\/span><\/p><p>\u00a0<\/p><p><span style=\"color: #333333\">Punto Bosque Biotienda Sostenible<\/span><\/p><p><span style=\"color: #333333;font-size: 13px\"><em>Calle Diez Canseco 133 (a pocos pasos del Parque Kennedy)<\/em><\/span><\/p><p>\u00a0<\/p><p><span style=\"color: #333333\">Thika Thani Mercado Sostenible &amp; Saludable<\/span><\/p><p><span style=\"color: #333333;font-size: 13px\"><em>Av. Benavides 474<\/em><\/span><\/p><h6><span style=\"color: #2f6333\"><strong>Surco<\/strong><\/span><\/h6><p><span style=\"color: #333333\">Flora y Fauna<\/span><\/p><p><span style=\"color: #333333;font-size: 13px\"><em>Av. Primavera 654<\/em><\/span><\/p><h6><span style=\"color: #2f6333\"><strong>San Borja<\/strong><\/span><\/h6><p><span style=\"color: #333333\">Flora y Fauna<\/span><\/p><p><span style=\"color: #333333;font-size: 13px\"><em>Av. Aviaci\u00f3n 3110<\/em><\/span><\/p><h6><span style=\"color: #2f6333\"><strong>Jes\u00fas Mar\u00eda<\/strong><\/span><\/h6><p><span style=\"color: #333333\">Flora y Fauna<\/span><\/p><p><span style=\"color: #333333;font-size: 13px\"><em>Residencial San Felipe (cerca a Metro)<\/em><\/span><\/p><h6><span style=\"color: #2f6333\"><strong>La Molina<\/strong><\/span><\/h6><p><span style=\"color: #333333\">Flora y Fauna<\/span><\/p><p><span style=\"color: #333333;font-size: 13px\"><em>Av. Ra\u00fal Ferrero 1415<\/em><\/span><\/p><p>\u00a0<\/p><p><span style=\"color: #333333\">Delifrance<\/span><\/p><p><span style=\"color: #333333;font-size: 13px\"><em>Av. La Molina 3083<\/em><\/span><\/p><h6><span style=\"color: #2f6333\"><strong>San Miguel<\/strong><\/span><\/h6><p><span style=\"color: #333333\">Flora y Fauna<\/span><\/p><p><span style=\"color: #333333;font-size: 13px\"><em>Av. Universitaria 1045 (casi con Av La Mar)<\/em><\/span><\/p><h6><span style=\"color: #2f6333\"><strong>Pueblo Libre<\/strong><\/span><\/h6><p><span style=\"color: #333333\">Gift Shop del Museo Larco<\/span><\/p><p><span style=\"color: #333333;font-size: 13px\"><em>Av. Bol\u00edvar 1515<\/em><\/span><\/p>\t<\/div>\n<\/div>\n<h3 class=\"qodef-e-title-holder\">\n\t<span class=\"qodef-e-title\">CUZCO<\/span>\n\t<span class=\"qodef-e-mark\">\n\t\t<span class=\"qodef-icon--plus\">\n\t\t\t\t<span class=\"qodef-e-icon\">\n\t\t<i aria-hidden=\"true\" class=\"fas fa-plus\"><\/i>\t<\/span>\n\t\t\t<\/span>\n\t\t<span class=\"qodef-icon--minus\">\n\t\t\t\t<span class=\"qodef-e-icon\">\n\t\t<i aria-hidden=\"true\" class=\"fas fa-minus\"><\/i>\t<\/span>\n\t\t\t<\/span>\n\t<\/span>\n<\/h3>\n<div class=\"qodef-e-content\">\n\t<div class=\"qodef-e-content-inner\">\n\t\t<span style=\"color: #333333\">Restaurante Nuna Raymi<\/span> <br>\n\n<span style=\"color: #333333;font-size: 13px\"><em>Calle Triunfo 256 (a media cuadra de la Plaza de Armas)<\/em><\/span> <br>\n\n<br> <span style=\"color: #333333\">Pizzer\u00eda La Bodega 138<\/span> <br>\n\n<span style=\"color: #333333;font-size: 13px\"><em>Calle Herrajes 138<\/em><\/span>\t<\/div>\n<\/div>\n<h3 class=\"qodef-e-title-holder\">\n\t<span class=\"qodef-e-title\">PUERTO MALDONADO<\/span>\n\t<span class=\"qodef-e-mark\">\n\t\t<span class=\"qodef-icon--plus\">\n\t\t\t\t<span class=\"qodef-e-icon\">\n\t\t<i aria-hidden=\"true\" class=\"fas fa-plus\"><\/i>\t<\/span>\n\t\t\t<\/span>\n\t\t<span class=\"qodef-icon--minus\">\n\t\t\t\t<span class=\"qodef-e-icon\">\n\t\t<i aria-hidden=\"true\" class=\"fas fa-minus\"><\/i>\t<\/span>\n\t\t\t<\/span>\n\t<\/span>\n<\/h3>\n<div class=\"qodef-e-content\">\n\t<div class=\"qodef-e-content-inner\">\n\t\t<p><span style=\"color: #333333\">Tr\u00f3pico Pasteler\u00eda-Caf\u00e9-Helader\u00eda<\/span><\/p><p><em><span style=\"color: #333333;font-size: 13px\">En todos sus locales<\/span><\/em><\/p><p>\u00a0<\/p><p><span style=\"color: #333333\">Helader\u00eda Copas\u00fa<\/span><\/p><p><em><span style=\"color: #333333;font-size: 13px\">En todos sus locales<\/span><\/em><\/p><p>\u00a0<\/p><p><span style=\"color: #333333\">Pac\u00edfico Supermercados<\/span><\/p><p><em><span style=\"color: #333333;font-size: 13px\">Av. Fitzcarrald con Av. Madre de Dios<\/span><\/em><\/p><p>\u00a0<\/p><p><span style=\"color: #333333\">Macroplaza Supermercados<\/span><\/p><p><em><span style=\"color: #333333;font-size: 13px\">Av. Fitzcarrald cdra 9<\/span><\/em><\/p><p>\u00a0<\/p><p><span style=\"color: #333333\">Shabuya Artesan\u00edas<\/span><\/p><p><em><span style=\"color: #333333;font-size: 13px\">Jr. Arequipa (Plaza de Armas)<\/span><\/em><\/p><p>\u00a0<\/p><p><span style=\"color: #333333\">El Chinito<\/span><\/p><p><em><span style=\"color: #333333;font-size: 13px\">Mercado Modelo<\/span><\/em><\/p>\t<\/div>\n<\/div>\n<\/div>\n\t\t\t\t<\/div>\n\t\t\t\t<\/div>\n\t\t\t\t\t<\/div>\n\t\t<\/div>\n\t\t\t\t\t<\/div>\n\t\t<\/section>\n\t\t\t\t<\/div>\n\t\t","protected":false},"excerpt":{"rendered":"<p>Lima Barranco Flora y FaunaAv. Grau 560 (frente a Metro) \u00a0 La PanetteriaAv. Grau 369 y 360 \u00a0 La Bodega Verde Jr. Sucre 335 A y Av. San Martin, esquina con Av. El Sol \u00a0 Delifrance Av. Grau 693 \u00a0 Casa Lola Jr. Domeyer 219 \u00a0 D\u00e9dalo Av. S\u00e1enz Pe\u00f1a 295 \u00a0 Exquisito Per\u00fa Jr. [&hellip;]<\/p>\n","protected":false},"author":1,"featured_media":0,"parent":0,"menu_order":0,"comment_status":"closed","ping_status":"closed","template":"","meta":{"footnotes":""},"class_list":["post-6547","page","type-page","status-publish","hentry"],"_links":{"self":[{"href":"https:\/\/madreselva.pe\/index.php\/wp-json\/wp\/v2\/pages\/6547","targetHints":{"allow":["GET"]}}],"collection":[{"href":"https:\/\/madreselva.pe\/index.php\/wp-json\/wp\/v2\/pages"}],"about":[{"href":"https:\/\/madreselva.pe\/index.php\/wp-json\/wp\/v2\/types\/page"}],"author":[{"embeddable":true,"href":"https:\/\/madreselva.pe\/index.php\/wp-json\/wp\/v2\/users\/1"}],"replies":[{"embeddable":true,"href":"https:\/\/madreselva.pe\/index.php\/wp-json\/wp\/v2\/comments?post=6547"}],"version-history":[{"count":103,"href":"https:\/\/madreselva.pe\/index.php\/wp-json\/wp\/v2\/pages\/6547\/revisions"}],"predecessor-version":[{"id":6882,"href":"https:\/\/madreselva.pe\/index.php\/wp-json\/wp\/v2\/pages\/6547\/revisions\/6882"}],"wp:attachment":[{"href":"https:\/\/madreselva.pe\/index.php\/wp-json\/wp\/v2\/media?parent=6547"}],"curies":[{"name":"wp","href":"https:\/\/api.w.org\/{rel}","templated":true}]}}