{"id":6065,"date":"2024-02-22T16:36:34","date_gmt":"2024-02-22T21:36:34","guid":{"rendered":"https:\/\/madreselva.pe\/?post_type=product&#038;p=6065"},"modified":"2026-02-10T16:56:41","modified_gmt":"2026-02-10T21:56:41","slug":"aji-amazonico","status":"publish","type":"product","link":"https:\/\/madreselva.pe\/index.php\/producto\/aji-amazonico\/","title":{"rendered":"Aj\u00ed Amaz\u00f3nico"},"content":{"rendered":"","protected":false},"excerpt":{"rendered":"<p>Elaborada en base al aj\u00ed nativo de Madre de Dios, llamado \u2018ojito de pescado\u2019 (Capsicum sp.). A\u00f1ade un toque picante y elegante a todo tipo de comidas, con un picor que explota en la boca y luego se disipa, evitando esa sensaci\u00f3n de ardor prolongado. Es un complemento ideal con las pizzas, carnes a la parrilla, pescados, sopas, arroces, en fin, todo tipo de comida.<\/p>\n<p>Libre de oct\u00f3gonos y preservantes.<br \/>\nVida de anaquel: 12 meses.<br \/>\nNivel de picante: medio-alto.<\/p>\n","protected":false},"featured_media":6832,"comment_status":"open","ping_status":"closed","template":"","meta":[],"product_brand":[],"product_cat":[87],"product_tag":[],"class_list":{"0":"post-6065","1":"product","2":"type-product","3":"status-publish","4":"has-post-thumbnail","6":"product_cat-salsas","8":"first","9":"outofstock","10":"shipping-taxable","11":"purchasable","12":"product-type-simple"},"_links":{"self":[{"href":"https:\/\/madreselva.pe\/index.php\/wp-json\/wp\/v2\/product\/6065","targetHints":{"allow":["GET"]}}],"collection":[{"href":"https:\/\/madreselva.pe\/index.php\/wp-json\/wp\/v2\/product"}],"about":[{"href":"https:\/\/madreselva.pe\/index.php\/wp-json\/wp\/v2\/types\/product"}],"replies":[{"embeddable":true,"href":"https:\/\/madreselva.pe\/index.php\/wp-json\/wp\/v2\/comments?post=6065"}],"wp:featuredmedia":[{"embeddable":true,"href":"https:\/\/madreselva.pe\/index.php\/wp-json\/wp\/v2\/media\/6832"}],"wp:attachment":[{"href":"https:\/\/madreselva.pe\/index.php\/wp-json\/wp\/v2\/media?parent=6065"}],"wp:term":[{"taxonomy":"product_brand","embeddable":true,"href":"https:\/\/madreselva.pe\/index.php\/wp-json\/wp\/v2\/product_brand?post=6065"},{"taxonomy":"product_cat","embeddable":true,"href":"https:\/\/madreselva.pe\/index.php\/wp-json\/wp\/v2\/product_cat?post=6065"},{"taxonomy":"product_tag","embeddable":true,"href":"https:\/\/madreselva.pe\/index.php\/wp-json\/wp\/v2\/product_tag?post=6065"}],"curies":[{"name":"wp","href":"https:\/\/api.w.org\/{rel}","templated":true}]}}